{"id":4,"date":"2016-10-04T13:54:38","date_gmt":"2016-10-04T12:54:38","guid":{"rendered":"http:\/\/wmii.uwm.edu.pl\/~piojas\/?page_id=4"},"modified":"2024-02-13T21:54:51","modified_gmt":"2024-02-13T20:54:51","slug":"home","status":"publish","type":"page","link":"http:\/\/wmii.uwm.edu.pl\/~piojas\/","title":{"rendered":"Strona g\u0142\u00f3wna"},"content":{"rendered":"\n<p>Kontakt w celach dydaktycznych, dla student\u00f3w:<\/p>\n\n\n\n<ul>\n<li><a href=\"mailto:piotr.jastrzebski@uwm.edu.pl\">piotr.jastrzebski@uwm.edu.pl<\/a><\/li>\n<\/ul>\n\n\n\n<p>Kontakt dla s\u0142uchaczy studi\u00f3w podyplomowych:<\/p>\n\n\n\n<ul>\n<li><a href=\"mailto:piotr.jastrzebski@edukacja.uwm.edu.pl\">piotr.jastrzebski@edukacja.uwm.edu.pl<\/a><\/li>\n<\/ul>\n\n\n\n<p>Kontakt w celach naukowych:<\/p>\n\n\n\n<ul>\n<li><a href=\"mailto:piojas@matman.uwm.edu.pl\">piojas@matman.uwm.edu.pl<\/a><\/li>\n<\/ul>\n\n\n\n<p><\/p>\n\n\n\n<p class=\"has-text-color has-link-color wp-elements-0e624723908d44ccf98d745d7befc815\" style=\"color:#ed5e0a\"><\/p>\n","protected":false},"excerpt":{"rendered":"<p>Kontakt w celach dydaktycznych, dla student\u00f3w: Kontakt dla s\u0142uchaczy studi\u00f3w podyplomowych: Kontakt w celach naukowych:<\/p>\n","protected":false},"author":2,"featured_media":0,"parent":0,"menu_order":0,"comment_status":"closed","ping_status":"closed","template":"","meta":{"footnotes":""},"jetpack_sharing_enabled":true,"jetpack_shortlink":"https:\/\/wp.me\/P9qw79-4","_links":{"self":[{"href":"http:\/\/wmii.uwm.edu.pl\/~piojas\/index.php\/wp-json\/wp\/v2\/pages\/4"}],"collection":[{"href":"http:\/\/wmii.uwm.edu.pl\/~piojas\/index.php\/wp-json\/wp\/v2\/pages"}],"about":[{"href":"http:\/\/wmii.uwm.edu.pl\/~piojas\/index.php\/wp-json\/wp\/v2\/types\/page"}],"author":[{"embeddable":true,"href":"http:\/\/wmii.uwm.edu.pl\/~piojas\/index.php\/wp-json\/wp\/v2\/users\/2"}],"replies":[{"embeddable":true,"href":"http:\/\/wmii.uwm.edu.pl\/~piojas\/index.php\/wp-json\/wp\/v2\/comments?post=4"}],"version-history":[{"count":223,"href":"http:\/\/wmii.uwm.edu.pl\/~piojas\/index.php\/wp-json\/wp\/v2\/pages\/4\/revisions"}],"predecessor-version":[{"id":6940,"href":"http:\/\/wmii.uwm.edu.pl\/~piojas\/index.php\/wp-json\/wp\/v2\/pages\/4\/revisions\/6940"}],"wp:attachment":[{"href":"http:\/\/wmii.uwm.edu.pl\/~piojas\/index.php\/wp-json\/wp\/v2\/media?parent=4"}],"curies":[{"name":"wp","href":"https:\/\/api.w.org\/{rel}","templated":true}]}}